{"id":48,"date":"2021-03-25T12:05:20","date_gmt":"2021-03-25T12:05:20","guid":{"rendered":"http:\/\/www.lotusbalance.de\/?page_id=48"},"modified":"2021-04-01T11:13:32","modified_gmt":"2021-04-01T11:13:32","slug":"ueber-uns","status":"publish","type":"page","link":"https:\/\/www.lotusbalance.de\/?page_id=48","title":{"rendered":"\u00fcber uns"},"content":{"rendered":"\n<h3 class=\"wp-block-heading\"><span style=\"color:#a1099a\" class=\"has-inline-color\">Herzlich Willkommen bei Lotus Balance<\/span><\/h3>\n\n\n\n<div class=\"wp-block-media-text alignwide is-stacked-on-mobile\" style=\"grid-template-columns:45% auto\"><figure class=\"wp-block-media-text__media\"><img fetchpriority=\"high\" decoding=\"async\" width=\"305\" height=\"178\" src=\"https:\/\/www.lotusbalance.de\/wp-content\/uploads\/2021\/03\/uber_uns01-1.jpg\" alt=\"\" class=\"wp-image-312 size-full\" srcset=\"https:\/\/www.lotusbalance.de\/wp-content\/uploads\/2021\/03\/uber_uns01-1.jpg 305w, https:\/\/www.lotusbalance.de\/wp-content\/uploads\/2021\/03\/uber_uns01-1-300x175.jpg 300w, https:\/\/www.lotusbalance.de\/wp-content\/uploads\/2021\/03\/uber_uns01-1-103x60.jpg 103w\" sizes=\"(max-width: 305px) 100vw, 305px\" \/><\/figure><div class=\"wp-block-media-text__content\">\n<p>Seit 2009 verw\u00f6hnt das Lotus Balance Team seine G\u00e4ste mit traditioneller Thaimassage und ausgesuchten Wellness-Angeboten. Das Lotus Balance Spa befindet sich in der G\u00fcldenstra\u00dfe 41a\/Ecke Radeklint unweit der Innenstadt von Braunschweig. In diesem einzigartigen Day Spa in der Region Braunschweig und Umgebung bietet Lotus Balance Spa neben erholsamen Massagen auch wohlf\u00fchlende und entspannte Spa Anwendungen an.<\/p>\n<\/div><\/div>\n\n\n\n<p>Unsere zertifizierten Mitarbeiterinnen haben ihre Ausbildung in renommierten Schulen in Thailand absolviert. Es wird gro\u00dfen Wert auf Qualit\u00e4tsstandards in den Bereichen Gesundheit und Wellness gelegt.<\/p>\n\n\n\n<p>Als erste und einzige Thai Massage in der Region Braunschweig erf\u00fcllt Lotus Balance den \u201eNational Skill Standard&#8220; der Thail\u00e4ndischen Regierung. Dieses wertvolle Qualit\u00e4tssiegel wurde am 8. Juli 2014 in einer feierlichen Zeremonie in Hannover von einem hohen Repr\u00e4sentanten der Thail\u00e4ndischen Regierung an insgesamt nur sieben Thai Massage Betriebe in Deutschland vergeben.<\/p>\n\n\n\n<figure class=\"wp-block-table\"><table><tbody><tr><td class=\"has-text-align-center\" data-align=\"center\"><img decoding=\"async\" width=\"123\" height=\"123\" class=\"wp-image-185\" style=\"width: 123px;\" src=\"https:\/\/www.lotusbalance.de\/wp-content\/uploads\/2021\/03\/uber_uns03.jpg\" alt=\"\" srcset=\"https:\/\/www.lotusbalance.de\/wp-content\/uploads\/2021\/03\/uber_uns03.jpg 123w, https:\/\/www.lotusbalance.de\/wp-content\/uploads\/2021\/03\/uber_uns03-60x60.jpg 60w, https:\/\/www.lotusbalance.de\/wp-content\/uploads\/2021\/03\/uber_uns03-90x90.jpg 90w\" sizes=\"(max-width: 123px) 100vw, 123px\" \/><\/td><td class=\"has-text-align-center\" data-align=\"center\"><img decoding=\"async\" width=\"121\" height=\"121\" class=\"wp-image-184\" style=\"width: 121px;\" src=\"https:\/\/www.lotusbalance.de\/wp-content\/uploads\/2021\/03\/uber_uns02.png\" alt=\"\" srcset=\"https:\/\/www.lotusbalance.de\/wp-content\/uploads\/2021\/03\/uber_uns02.png 121w, https:\/\/www.lotusbalance.de\/wp-content\/uploads\/2021\/03\/uber_uns02-60x60.png 60w, https:\/\/www.lotusbalance.de\/wp-content\/uploads\/2021\/03\/uber_uns02-90x90.png 90w\" sizes=\"(max-width: 121px) 100vw, 121px\" \/><\/td><\/tr><\/tbody><\/table><\/figure>\n\n\n\n<p>Au\u00dferdem verf\u00fcgt das Lotus Balance \u00fcber eine Zertifizierung nach dem Deutschen Hygienezertifikat. Die Einhaltung von g\u00fcltigen Hygienerichtlinien (Hygieneplan, Desinfektionsplan etc.) ist bei uns durch eine j\u00e4hrliche Pr\u00fcfung und Zertifizierung durch das Deutsche Hygienezertifikat nachgewiesen.<\/p>\n\n\n\n<p>Unser Team sorgt mit der typischen thail\u00e4ndischen Freundlichkeit f\u00fcr das Wohlbefinden der Kunden und f\u00f6rdert mit den Anwendungen den Einklang von K\u00f6rper, Geist und Seele.<\/p>\n","protected":false},"excerpt":{"rendered":"<p>Herzlich Willkommen bei Lotus Balance Seit 2009 verw\u00f6hnt das Lotus Balance Team seine G\u00e4ste mit traditioneller Thaimassage und ausgesuchten Wellness-Angeboten. Das Lotus Balance Spa befindet sich in der G\u00fcldenstra\u00dfe 41a\/Ecke &hellip; <\/p>\n","protected":false},"author":1,"featured_media":295,"parent":0,"menu_order":0,"comment_status":"closed","ping_status":"closed","template":"","meta":{"footnotes":""},"class_list":["post-48","page","type-page","status-publish","has-post-thumbnail","hentry","latest_post"],"_links":{"self":[{"href":"https:\/\/www.lotusbalance.de\/index.php?rest_route=\/wp\/v2\/pages\/48","targetHints":{"allow":["GET"]}}],"collection":[{"href":"https:\/\/www.lotusbalance.de\/index.php?rest_route=\/wp\/v2\/pages"}],"about":[{"href":"https:\/\/www.lotusbalance.de\/index.php?rest_route=\/wp\/v2\/types\/page"}],"author":[{"embeddable":true,"href":"https:\/\/www.lotusbalance.de\/index.php?rest_route=\/wp\/v2\/users\/1"}],"replies":[{"embeddable":true,"href":"https:\/\/www.lotusbalance.de\/index.php?rest_route=%2Fwp%2Fv2%2Fcomments&post=48"}],"version-history":[{"count":6,"href":"https:\/\/www.lotusbalance.de\/index.php?rest_route=\/wp\/v2\/pages\/48\/revisions"}],"predecessor-version":[{"id":376,"href":"https:\/\/www.lotusbalance.de\/index.php?rest_route=\/wp\/v2\/pages\/48\/revisions\/376"}],"wp:featuredmedia":[{"embeddable":true,"href":"https:\/\/www.lotusbalance.de\/index.php?rest_route=\/wp\/v2\/media\/295"}],"wp:attachment":[{"href":"https:\/\/www.lotusbalance.de\/index.php?rest_route=%2Fwp%2Fv2%2Fmedia&parent=48"}],"curies":[{"name":"wp","href":"https:\/\/api.w.org\/{rel}","templated":true}]}}