{"id":621,"date":"2023-07-07T11:22:56","date_gmt":"2023-07-07T11:22:56","guid":{"rendered":"https:\/\/www.lotusbalance.de\/?page_id=621"},"modified":"2025-03-24T11:58:54","modified_gmt":"2025-03-24T11:58:54","slug":"__trashed","status":"publish","type":"page","link":"https:\/\/www.lotusbalance.de\/?page_id=621","title":{"rendered":"Gutscheine"},"content":{"rendered":"\t\t<div data-elementor-type=\"wp-page\" data-elementor-id=\"621\" class=\"elementor elementor-621\">\n\t\t\t\t\t\t<section class=\"elementor-section elementor-top-section elementor-element elementor-element-5b9fedb3 elementor-section-boxed elementor-section-height-default elementor-section-height-default\" data-id=\"5b9fedb3\" data-element_type=\"section\" data-e-type=\"section\">\n\t\t\t\t\t\t<div class=\"elementor-container elementor-column-gap-default\">\n\t\t\t\t\t<div class=\"elementor-column elementor-col-100 elementor-top-column elementor-element elementor-element-14fc4c3f\" data-id=\"14fc4c3f\" data-element_type=\"column\" data-e-type=\"column\">\n\t\t\t<div class=\"elementor-widget-wrap elementor-element-populated\">\n\t\t\t\t\t\t<div class=\"elementor-element elementor-element-6e09ca0a elementor-widget elementor-widget-text-editor\" data-id=\"6e09ca0a\" data-element_type=\"widget\" data-e-type=\"widget\" data-widget_type=\"text-editor.default\">\n\t\t\t\t<div class=\"elementor-widget-container\">\n\t\t\t\t\t\t\t\t\t\n<h3 class=\"wp-block-heading\"><mark style=\"background-color:rgba(0, 0, 0, 0);color:#a1099a\" class=\"has-inline-color\">Gutscheine Online bestellen oder verschenken<\/mark><\/h3>\n\n\n\n<p>Hier k\u00f6nnen Sie Ihren Gutschein, den Sie Ihren Lieben schenken m\u00f6chten, online bestellen. Nach ausf\u00fcllen des kompletten Formulares erhalten Sie eine Best\u00e4tigungs E-Mail mit den Zahlungmodalit\u00e4ten. Bei R\u00fcckfragen stehen wir Ihnen auch gern telefonisch unter Tel: 0531 &#8211; 1299 410 zur Verf\u00fcgung. Bitte beachten Sie hierbei, dass nach Zahlungeingang der Gutschein erst verschickt wird.<\/p>\n\n\n\n<h3 class=\"wp-block-heading\"><mark style=\"background-color:rgba(0, 0, 0, 0);color:#a1099a\" class=\"has-inline-color\">Zahlungsmodalit\u00e4ten<\/mark>:<\/h3>\n\n\n\n<p>Bitte beachten Sie, dass der Gutschein erst g\u00fcltig ist und versendet wird, sobald der Gutscheinbetrag unserem Konto gutgeschrieben wurde. Eine Rechnung k\u00f6nnen Sie gerne nach Eingang des Gutscheinbetrages auf unserem Konto erhalten.<\/p>\n\n\n\n<h3 class=\"wp-block-heading\"><mark style=\"background-color:rgba(0, 0, 0, 0);color:#a1099a\" class=\"has-inline-color\">Hinweis, bitte beachten <\/mark>:<\/h3>\n\n\n\n<p class=\"has-text-color\" style=\"color:#a1099a\">Sie erhalten <strong>keine automatische Antwort <\/strong>nachdem ihre Anfrage gesendet wurde. Sobald wir ihre Bestellung <strong>pers\u00f6nlich gelesen haben<\/strong> erhalten sie eine von uns eine <strong>Email <\/strong>mit weiteren <strong>Informationen<\/strong>. <\/p>\n\n\n\n<p><\/p>\n\n\n\t\t\t\t\t\t\t\t<\/div>\n\t\t\t\t<\/div>\n\t\t\t\t\t<\/div>\n\t\t<\/div>\n\t\t\t\t\t<\/div>\n\t\t<\/section>\n\t\t\t\t<section class=\"elementor-section elementor-top-section elementor-element elementor-element-7cc4924 elementor-section-boxed elementor-section-height-default elementor-section-height-default\" data-id=\"7cc4924\" data-element_type=\"section\" data-e-type=\"section\">\n\t\t\t\t\t\t<div class=\"elementor-container elementor-column-gap-default\">\n\t\t\t\t\t<div class=\"elementor-column elementor-col-100 elementor-top-column elementor-element elementor-element-2a2533c\" data-id=\"2a2533c\" data-element_type=\"column\" data-e-type=\"column\">\n\t\t\t<div class=\"elementor-widget-wrap elementor-element-populated\">\n\t\t\t\t\t\t<div class=\"elementor-element elementor-element-a22aa84 elementor-widget elementor-widget-text-editor\" data-id=\"a22aa84\" data-element_type=\"widget\" data-e-type=\"widget\" data-widget_type=\"text-editor.default\">\n\t\t\t\t<div class=\"elementor-widget-container\">\n\t\t\t\t\t\t\t\t\t<div class=\"wpforms-container wpforms-container-full wpforms-block wpforms-block-4f2ed6fd-caa4-47f1-b51c-7129b03831de\" id=\"wpforms-250\"><form id=\"wpforms-form-250\" class=\"wpforms-validate wpforms-form\" data-formid=\"250\" method=\"post\" enctype=\"multipart\/form-data\" action=\"\/index.php?rest_route=%2Fwp%2Fv2%2Fpages%2F621\" data-token=\"13d0209410b7cd760cb60c6ca53247db\" data-token-time=\"1775734109\"><noscript class=\"wpforms-error-noscript\">Bitte aktiviere JavaScript in deinem Browser, um dieses Formular fertigzustellen.<\/noscript><div class=\"wpforms-field-container\"><div id=\"wpforms-250-field_1-container\" class=\"wpforms-field wpforms-field-name\" data-field-id=\"1\"><label class=\"wpforms-field-label\">Name <span class=\"wpforms-required-label\">*<\/span><\/label><div class=\"wpforms-field-row wpforms-field-medium\"><div class=\"wpforms-field-row-block wpforms-first wpforms-one-half\"><input type=\"text\" id=\"wpforms-250-field_1\" class=\"wpforms-field-name-first wpforms-field-required\" name=\"wpforms[fields][1][first]\" required><label for=\"wpforms-250-field_1\" class=\"wpforms-field-sublabel after\">Vorname<\/label><\/div><div class=\"wpforms-field-row-block wpforms-one-half\"><input type=\"text\" id=\"wpforms-250-field_1-last\" class=\"wpforms-field-name-last wpforms-field-required\" name=\"wpforms[fields][1][last]\" required><label for=\"wpforms-250-field_1-last\" class=\"wpforms-field-sublabel after\">Nachname<\/label><\/div><\/div><\/div><div id=\"wpforms-250-field_4-container\" class=\"wpforms-field wpforms-field-name\" data-field-id=\"4\"><label class=\"wpforms-field-label\" for=\"wpforms-250-field_4\">Stra\u00dfe \/ Hausnummer <span class=\"wpforms-required-label\">*<\/span><\/label><input type=\"text\" id=\"wpforms-250-field_4\" class=\"wpforms-field-medium wpforms-field-required\" name=\"wpforms[fields][4]\" required><\/div><div id=\"wpforms-250-field_5-container\" class=\"wpforms-field wpforms-field-name\" data-field-id=\"5\"><label class=\"wpforms-field-label\" for=\"wpforms-250-field_5\">PLZ und Ort <span class=\"wpforms-required-label\">*<\/span><\/label><input type=\"text\" id=\"wpforms-250-field_5\" class=\"wpforms-field-medium wpforms-field-required\" name=\"wpforms[fields][5]\" required><\/div><div id=\"wpforms-250-field_2-container\" class=\"wpforms-field wpforms-field-email\" data-field-id=\"2\"><label class=\"wpforms-field-label\">E-Mail <span class=\"wpforms-required-label\">*<\/span><\/label><div class=\"wpforms-field-row wpforms-field-medium\"><div class=\"wpforms-field-row-block wpforms-one-half wpforms-first\"><input type=\"email\" id=\"wpforms-250-field_2\" class=\"wpforms-field-required wpforms-field-email-primary\" name=\"wpforms[fields][2][primary]\" spellcheck=\"false\" required><label for=\"wpforms-250-field_2\" class=\"wpforms-field-sublabel after\">E-Mail-Adresse<\/label><\/div><div class=\"wpforms-field-row-block wpforms-one-half\"><input type=\"email\" id=\"wpforms-250-field_2-secondary\" class=\"wpforms-field-email-secondary wpforms-field-required\" data-rule-confirm=\"#wpforms-250-field_2\" name=\"wpforms[fields][2][secondary]\" spellcheck=\"false\" required><label for=\"wpforms-250-field_2-secondary\" class=\"wpforms-field-sublabel after\">E-Mail best\u00e4tigen<\/label><\/div><\/div><\/div><div id=\"wpforms-250-field_8-container\" class=\"wpforms-field wpforms-field-name\" data-field-id=\"8\"><label class=\"wpforms-field-label\">Lieferadresse \/ Empf\u00e4nger 2<\/label><div class=\"wpforms-field-row wpforms-field-medium\"><div class=\"wpforms-field-row-block wpforms-first wpforms-one-half\"><input type=\"text\" id=\"wpforms-250-field_8\" class=\"wpforms-field-name-first\" name=\"wpforms[fields][8][first]\" ><label for=\"wpforms-250-field_8\" class=\"wpforms-field-sublabel after\">Vorname<\/label><\/div><div class=\"wpforms-field-row-block wpforms-one-half\"><input type=\"text\" id=\"wpforms-250-field_8-last\" class=\"wpforms-field-name-last\" name=\"wpforms[fields][8][last]\" ><label for=\"wpforms-250-field_8-last\" class=\"wpforms-field-sublabel after\">Nachname<\/label><\/div><\/div><\/div><div id=\"wpforms-250-field_9-container\" class=\"wpforms-field wpforms-field-text\" data-field-id=\"9\"><label class=\"wpforms-field-label\" for=\"wpforms-250-field_9\">Stra\u00dfe \/ Hausnummer<\/label><input type=\"text\" id=\"wpforms-250-field_9\" class=\"wpforms-field-medium\" name=\"wpforms[fields][9]\" ><\/div><div id=\"wpforms-250-field_10-container\" class=\"wpforms-field wpforms-field-text\" data-field-id=\"10\"><label class=\"wpforms-field-label\" for=\"wpforms-250-field_10\">PLZ und Ort<\/label><input type=\"text\" id=\"wpforms-250-field_10\" class=\"wpforms-field-medium\" name=\"wpforms[fields][10]\" ><\/div><div id=\"wpforms-250-field_11-container\" class=\"wpforms-field wpforms-field-checkbox\" data-field-id=\"11\"><label class=\"wpforms-field-label\">der Gutschein ist f\u00fcr &#8230; <\/label><ul id=\"wpforms-250-field_11\"><li class=\"choice-1 depth-1\"><input type=\"checkbox\" id=\"wpforms-250-field_11_1\" name=\"wpforms[fields][11][]\" value=\"mich selbst\"  ><label class=\"wpforms-field-label-inline\" for=\"wpforms-250-field_11_1\">mich selbst<\/label><\/li><li class=\"choice-2 depth-1\"><input type=\"checkbox\" id=\"wpforms-250-field_11_2\" name=\"wpforms[fields][11][]\" value=\"Lieferadresse \/ Empf\u00e4nger 2\"  ><label class=\"wpforms-field-label-inline\" for=\"wpforms-250-field_11_2\">Lieferadresse \/ Empf\u00e4nger 2<\/label><\/li><\/ul><\/div><div id=\"wpforms-250-field_13-container\" class=\"wpforms-field wpforms-field-text\" data-field-id=\"13\"><label class=\"wpforms-field-label\" for=\"wpforms-250-field_13\">Anmerkung zum Gutschein <span class=\"wpforms-required-label\">*<\/span><\/label><input type=\"text\" id=\"wpforms-250-field_13\" class=\"wpforms-field-medium wpforms-field-required\" name=\"wpforms[fields][13]\" required><div class=\"wpforms-field-description\">Tragen sie hier ihren Gutscheinwunsch und den Betrag ein &#8211; Danke  <\/div><\/div><div id=\"wpforms-250-field_14-container\" class=\"wpforms-field wpforms-field-checkbox\" data-field-id=\"14\"><label class=\"wpforms-field-label\">Datenschutz <span class=\"wpforms-required-label\">*<\/span><\/label><ul id=\"wpforms-250-field_14\" class=\"wpforms-field-required\"><li class=\"choice-1 depth-1\"><input type=\"checkbox\" id=\"wpforms-250-field_14_1\" name=\"wpforms[fields][14][]\" value=\"mit der Speicherung meiner Daten zum Zwecke der Bearbeitung bin ich einverstanden. Die Datenschutzhinweise habe ich gelesen. \" required ><label class=\"wpforms-field-label-inline\" for=\"wpforms-250-field_14_1\">mit der Speicherung meiner Daten zum Zwecke der Bearbeitung bin ich einverstanden. Die Datenschutzhinweise habe ich gelesen.<\/label><\/li><\/ul><\/div><\/div><!-- .wpforms-field-container --><div class=\"wpforms-submit-container\" ><input type=\"hidden\" name=\"wpforms[id]\" value=\"250\"><input type=\"hidden\" name=\"page_title\" value=\"\"><input type=\"hidden\" name=\"page_url\" value=\"https:\/\/www.lotusbalance.de\/index.php?rest_route=\/wp\/v2\/pages\/621\"><input type=\"hidden\" name=\"url_referer\" value=\"\"><button type=\"submit\" name=\"wpforms[submit]\" id=\"wpforms-submit-250\" class=\"wpforms-submit\" data-alt-text=\"Senden...\" data-submit-text=\"Gutschein bestellen\" aria-live=\"assertive\" value=\"wpforms-submit\">Gutschein bestellen<\/button><\/div><\/form><\/div>  <!-- .wpforms-container -->\t\t\t\t\t\t\t\t<\/div>\n\t\t\t\t<\/div>\n\t\t\t\t\t<\/div>\n\t\t<\/div>\n\t\t\t\t\t<\/div>\n\t\t<\/section>\n\t\t\t\t<\/div>\n\t\t","protected":false},"excerpt":{"rendered":"<p>Gutscheine Online bestellen oder verschenken Hier k\u00f6nnen Sie Ihren Gutschein, den Sie Ihren Lieben schenken m\u00f6chten, online bestellen. Nach ausf\u00fcllen des kompletten Formulares erhalten Sie eine Best\u00e4tigungs E-Mail mit den &hellip; <\/p>\n","protected":false},"author":3,"featured_media":317,"parent":0,"menu_order":0,"comment_status":"closed","ping_status":"closed","template":"","meta":{"footnotes":""},"class_list":["post-621","page","type-page","status-publish","has-post-thumbnail","hentry","latest_post"],"_links":{"self":[{"href":"https:\/\/www.lotusbalance.de\/index.php?rest_route=\/wp\/v2\/pages\/621","targetHints":{"allow":["GET"]}}],"collection":[{"href":"https:\/\/www.lotusbalance.de\/index.php?rest_route=\/wp\/v2\/pages"}],"about":[{"href":"https:\/\/www.lotusbalance.de\/index.php?rest_route=\/wp\/v2\/types\/page"}],"author":[{"embeddable":true,"href":"https:\/\/www.lotusbalance.de\/index.php?rest_route=\/wp\/v2\/users\/3"}],"replies":[{"embeddable":true,"href":"https:\/\/www.lotusbalance.de\/index.php?rest_route=%2Fwp%2Fv2%2Fcomments&post=621"}],"version-history":[{"count":8,"href":"https:\/\/www.lotusbalance.de\/index.php?rest_route=\/wp\/v2\/pages\/621\/revisions"}],"predecessor-version":[{"id":671,"href":"https:\/\/www.lotusbalance.de\/index.php?rest_route=\/wp\/v2\/pages\/621\/revisions\/671"}],"wp:featuredmedia":[{"embeddable":true,"href":"https:\/\/www.lotusbalance.de\/index.php?rest_route=\/wp\/v2\/media\/317"}],"wp:attachment":[{"href":"https:\/\/www.lotusbalance.de\/index.php?rest_route=%2Fwp%2Fv2%2Fmedia&parent=621"}],"curies":[{"name":"wp","href":"https:\/\/api.w.org\/{rel}","templated":true}]}}